{"id":874,"date":"2023-11-14T19:51:05","date_gmt":"2023-11-15T00:51:05","guid":{"rendered":"https:\/\/www.marecettesante.com\/blog\/?page_id=874"},"modified":"2023-11-21T08:24:44","modified_gmt":"2023-11-21T13:24:44","slug":"mentions-legales","status":"publish","type":"page","link":"https:\/\/www.marecettesante.com\/blog\/mentions-legales\/","title":{"rendered":"Mentions l\u00e9gales"},"content":{"rendered":"<p>[et_pb_section fb_built=\u00a0\u00bb1&Prime; _builder_version=\u00a0\u00bb4.23&Prime; _module_preset=\u00a0\u00bbdefault\u00a0\u00bb global_colors_info=\u00a0\u00bb{}\u00a0\u00bb][et_pb_row _builder_version=\u00a0\u00bb4.23&Prime; _module_preset=\u00a0\u00bbdefault\u00a0\u00bb global_colors_info=\u00a0\u00bb{}\u00a0\u00bb][et_pb_column type=\u00a0\u00bb4_4&Prime; _builder_version=\u00a0\u00bb4.23&Prime; _module_preset=\u00a0\u00bbdefault\u00a0\u00bb global_colors_info=\u00a0\u00bb{}\u00a0\u00bb][et_pb_text _builder_version=\u00a0\u00bb4.23&Prime; _module_preset=\u00a0\u00bbdefault\u00a0\u00bb header_font=\u00a0\u00bbMontserrat|||on|||||\u00a0\u00bb header_text_color=\u00a0\u00bb#000000&Prime; header_font_size=\u00a0\u00bb40px\u00a0\u00bb hover_enabled=\u00a0\u00bb0&Prime; global_colors_info=\u00a0\u00bb{}\u00a0\u00bb custom_margin=\u00a0\u00bb||23px|||\u00a0\u00bb sticky_enabled=\u00a0\u00bb0&Prime;]<\/p>\n<h1>Mentions l\u00e9gales<\/h1>\n<p>[\/et_pb_text][et_pb_text _builder_version=\u00a0\u00bb4.23&Prime; _module_preset=\u00a0\u00bbdefault\u00a0\u00bb text_font=\u00a0\u00bbMontserrat||||||||\u00a0\u00bb text_text_color=\u00a0\u00bb#126D63&Prime; text_font_size=\u00a0\u00bb16px\u00a0\u00bb hover_enabled=\u00a0\u00bb0&Prime; sticky_enabled=\u00a0\u00bb0&Prime; header_3_text_color=\u00a0\u00bb#126D63&Prime; header_3_line_height=\u00a0\u00bb1.8em\u00a0\u00bb]<\/p>\n<h3 dir=\"ltr\"><strong>AFFILIATION<\/strong><\/h3>\n<p dir=\"ltr\"><span>Le site Ma Recette Sant\u00e9 contient des liens affili\u00e9s. \u00c0 chaque fois qu\u2019un visiteur ach\u00e8te un produit ou un service en cliquant sur le lien affili\u00e9 pr\u00e9sent sur le site, une compensation est vers\u00e9e \u00e0 <span class=\"il\">Virginie<\/span> Plante ou Isabelle Langlois, sans frais suppl\u00e9mentaires pour l\u2019acheteur.\u00a0<\/span><\/p>\n<p dir=\"ltr\"><span>Ces liens affili\u00e9s permettent de g\u00e9n\u00e9rer un revenu et ce dans le but de continuer \u00e0 offrir des contenus et conseils gratuits aux utilisateurs du site. Ils sont libres de passer par les liens affili\u00e9s du site ou d\u2019acheter le produit ou le service concern\u00e9 par leurs propres moyens.<\/span><\/p>\n<p>[\/et_pb_text][\/et_pb_column][\/et_pb_row][\/et_pb_section]<\/p>\n","protected":false},"excerpt":{"rendered":"<p>Mentions l\u00e9galesAFFILIATION Le site Ma Recette Sant\u00e9 contient des liens affili\u00e9s. \u00c0 chaque fois qu\u2019un visiteur ach\u00e8te un produit ou un service en cliquant sur le lien affili\u00e9 pr\u00e9sent sur le site, une compensation est vers\u00e9e \u00e0 Virginie Plante ou Isabelle Langlois, sans frais suppl\u00e9mentaires pour l\u2019acheteur.\u00a0 Ces liens affili\u00e9s permettent de g\u00e9n\u00e9rer un revenu [&hellip;]<\/p>\n","protected":false},"author":9,"featured_media":0,"parent":0,"menu_order":0,"comment_status":"closed","ping_status":"closed","template":"","meta":{"_et_pb_use_builder":"on","_et_pb_old_content":"<!-- wp:divi\/placeholder \/-->","_et_gb_content_width":"","footnotes":""},"class_list":["post-874","page","type-page","status-publish","hentry"],"yoast_head":"<!-- This site is optimized with the Yoast SEO plugin v26.5 - https:\/\/yoast.com\/wordpress\/plugins\/seo\/ -->\n<title>Mentions l\u00e9gales - Ma Recette Sant\u00e9<\/title>\n<meta name=\"robots\" content=\"index, follow, max-snippet:-1, max-image-preview:large, max-video-preview:-1\" \/>\n<link rel=\"canonical\" href=\"https:\/\/www.marecettesante.com\/blog\/mentions-legales\/\" \/>\n<meta property=\"og:locale\" content=\"fr_FR\" \/>\n<meta property=\"og:type\" content=\"article\" \/>\n<meta property=\"og:title\" content=\"Mentions l\u00e9gales - Ma Recette Sant\u00e9\" \/>\n<meta property=\"og:description\" content=\"Mentions l\u00e9galesAFFILIATION Le site Ma Recette Sant\u00e9 contient des liens affili\u00e9s. \u00c0 chaque fois qu\u2019un visiteur ach\u00e8te un produit ou un service en cliquant sur le lien affili\u00e9 pr\u00e9sent sur le site, une compensation est vers\u00e9e \u00e0 Virginie Plante ou Isabelle Langlois, sans frais suppl\u00e9mentaires pour l\u2019acheteur.\u00a0 Ces liens affili\u00e9s permettent de g\u00e9n\u00e9rer un revenu [&hellip;]\" \/>\n<meta property=\"og:url\" content=\"https:\/\/www.marecettesante.com\/blog\/mentions-legales\/\" \/>\n<meta property=\"og:site_name\" content=\"Ma Recette Sant\u00e9\" \/>\n<meta property=\"article:modified_time\" content=\"2023-11-21T13:24:44+00:00\" \/>\n<script type=\"application\/ld+json\" class=\"yoast-schema-graph\">{\"@context\":\"https:\/\/schema.org\",\"@graph\":[{\"@type\":\"WebPage\",\"@id\":\"https:\/\/www.marecettesante.com\/blog\/mentions-legales\/\",\"url\":\"https:\/\/www.marecettesante.com\/blog\/mentions-legales\/\",\"name\":\"Mentions l\u00e9gales - Ma Recette Sant\u00e9\",\"isPartOf\":{\"@id\":\"https:\/\/www.marecettesante.com\/blog\/#website\"},\"datePublished\":\"2023-11-15T00:51:05+00:00\",\"dateModified\":\"2023-11-21T13:24:44+00:00\",\"breadcrumb\":{\"@id\":\"https:\/\/www.marecettesante.com\/blog\/mentions-legales\/#breadcrumb\"},\"inLanguage\":\"fr-FR\",\"potentialAction\":[{\"@type\":\"ReadAction\",\"target\":[\"https:\/\/www.marecettesante.com\/blog\/mentions-legales\/\"]}]},{\"@type\":\"BreadcrumbList\",\"@id\":\"https:\/\/www.marecettesante.com\/blog\/mentions-legales\/#breadcrumb\",\"itemListElement\":[{\"@type\":\"ListItem\",\"position\":1,\"name\":\"Accueil\",\"item\":\"https:\/\/www.marecettesante.com\/blog\/\"},{\"@type\":\"ListItem\",\"position\":2,\"name\":\"Mentions l\u00e9gales\"}]},{\"@type\":\"WebSite\",\"@id\":\"https:\/\/www.marecettesante.com\/blog\/#website\",\"url\":\"https:\/\/www.marecettesante.com\/blog\/\",\"name\":\"Ma Recette Sant\u00e9\",\"description\":\"Pour un bien-\u00eatre au quotidien\",\"potentialAction\":[{\"@type\":\"SearchAction\",\"target\":{\"@type\":\"EntryPoint\",\"urlTemplate\":\"https:\/\/www.marecettesante.com\/blog\/?s={search_term_string}\"},\"query-input\":{\"@type\":\"PropertyValueSpecification\",\"valueRequired\":true,\"valueName\":\"search_term_string\"}}],\"inLanguage\":\"fr-FR\"}]}<\/script>\n<!-- \/ Yoast SEO plugin. -->","yoast_head_json":{"title":"Mentions l\u00e9gales - Ma Recette Sant\u00e9","robots":{"index":"index","follow":"follow","max-snippet":"max-snippet:-1","max-image-preview":"max-image-preview:large","max-video-preview":"max-video-preview:-1"},"canonical":"https:\/\/www.marecettesante.com\/blog\/mentions-legales\/","og_locale":"fr_FR","og_type":"article","og_title":"Mentions l\u00e9gales - Ma Recette Sant\u00e9","og_description":"Mentions l\u00e9galesAFFILIATION Le site Ma Recette Sant\u00e9 contient des liens affili\u00e9s. \u00c0 chaque fois qu\u2019un visiteur ach\u00e8te un produit ou un service en cliquant sur le lien affili\u00e9 pr\u00e9sent sur le site, une compensation est vers\u00e9e \u00e0 Virginie Plante ou Isabelle Langlois, sans frais suppl\u00e9mentaires pour l\u2019acheteur.\u00a0 Ces liens affili\u00e9s permettent de g\u00e9n\u00e9rer un revenu [&hellip;]","og_url":"https:\/\/www.marecettesante.com\/blog\/mentions-legales\/","og_site_name":"Ma Recette Sant\u00e9","article_modified_time":"2023-11-21T13:24:44+00:00","schema":{"@context":"https:\/\/schema.org","@graph":[{"@type":"WebPage","@id":"https:\/\/www.marecettesante.com\/blog\/mentions-legales\/","url":"https:\/\/www.marecettesante.com\/blog\/mentions-legales\/","name":"Mentions l\u00e9gales - Ma Recette Sant\u00e9","isPartOf":{"@id":"https:\/\/www.marecettesante.com\/blog\/#website"},"datePublished":"2023-11-15T00:51:05+00:00","dateModified":"2023-11-21T13:24:44+00:00","breadcrumb":{"@id":"https:\/\/www.marecettesante.com\/blog\/mentions-legales\/#breadcrumb"},"inLanguage":"fr-FR","potentialAction":[{"@type":"ReadAction","target":["https:\/\/www.marecettesante.com\/blog\/mentions-legales\/"]}]},{"@type":"BreadcrumbList","@id":"https:\/\/www.marecettesante.com\/blog\/mentions-legales\/#breadcrumb","itemListElement":[{"@type":"ListItem","position":1,"name":"Accueil","item":"https:\/\/www.marecettesante.com\/blog\/"},{"@type":"ListItem","position":2,"name":"Mentions l\u00e9gales"}]},{"@type":"WebSite","@id":"https:\/\/www.marecettesante.com\/blog\/#website","url":"https:\/\/www.marecettesante.com\/blog\/","name":"Ma Recette Sant\u00e9","description":"Pour un bien-\u00eatre au quotidien","potentialAction":[{"@type":"SearchAction","target":{"@type":"EntryPoint","urlTemplate":"https:\/\/www.marecettesante.com\/blog\/?s={search_term_string}"},"query-input":{"@type":"PropertyValueSpecification","valueRequired":true,"valueName":"search_term_string"}}],"inLanguage":"fr-FR"}]}},"_links":{"self":[{"href":"https:\/\/www.marecettesante.com\/blog\/wp-json\/wp\/v2\/pages\/874","targetHints":{"allow":["GET"]}}],"collection":[{"href":"https:\/\/www.marecettesante.com\/blog\/wp-json\/wp\/v2\/pages"}],"about":[{"href":"https:\/\/www.marecettesante.com\/blog\/wp-json\/wp\/v2\/types\/page"}],"author":[{"embeddable":true,"href":"https:\/\/www.marecettesante.com\/blog\/wp-json\/wp\/v2\/users\/9"}],"replies":[{"embeddable":true,"href":"https:\/\/www.marecettesante.com\/blog\/wp-json\/wp\/v2\/comments?post=874"}],"version-history":[{"count":0,"href":"https:\/\/www.marecettesante.com\/blog\/wp-json\/wp\/v2\/pages\/874\/revisions"}],"wp:attachment":[{"href":"https:\/\/www.marecettesante.com\/blog\/wp-json\/wp\/v2\/media?parent=874"}],"curies":[{"name":"wp","href":"https:\/\/api.w.org\/{rel}","templated":true}]}}