{"id":733,"date":"2023-10-16T16:02:12","date_gmt":"2023-10-16T20:02:12","guid":{"rendered":"https:\/\/www.marecettesante.com\/blog\/?page_id=733"},"modified":"2023-11-21T08:17:55","modified_gmt":"2023-11-21T13:17:55","slug":"politique-de-confidentialite","status":"publish","type":"page","link":"https:\/\/www.marecettesante.com\/blog\/politique-de-confidentialite\/","title":{"rendered":"Politique de confidentialit\u00e9"},"content":{"rendered":"<p>[et_pb_section fb_built=\u00a0\u00bb1&Prime; _builder_version=\u00a0\u00bb4.23&Prime; _module_preset=\u00a0\u00bbdefault\u00a0\u00bb global_colors_info=\u00a0\u00bb{}\u00a0\u00bb][et_pb_row _builder_version=\u00a0\u00bb4.23&Prime; _module_preset=\u00a0\u00bbdefault\u00a0\u00bb global_colors_info=\u00a0\u00bb{}\u00a0\u00bb][et_pb_column type=\u00a0\u00bb4_4&Prime; _builder_version=\u00a0\u00bb4.23&Prime; _module_preset=\u00a0\u00bbdefault\u00a0\u00bb global_colors_info=\u00a0\u00bb{}\u00a0\u00bb][et_pb_text _builder_version=\u00a0\u00bb4.23&Prime; _module_preset=\u00a0\u00bbdefault\u00a0\u00bb header_font=\u00a0\u00bbMontserrat|||on|||||\u00a0\u00bb header_text_color=\u00a0\u00bb#000000&Prime; header_font_size=\u00a0\u00bb40px\u00a0\u00bb hover_enabled=\u00a0\u00bb0&Prime; global_colors_info=\u00a0\u00bb{}\u00a0\u00bb sticky_enabled=\u00a0\u00bb0&Prime;]<\/p>\n<h1>Politique de confidentialit\u00e9<\/h1>\n<p>[\/et_pb_text][et_pb_text _builder_version=\u00a0\u00bb4.23&Prime; _module_preset=\u00a0\u00bbdefault\u00a0\u00bb text_font=\u00a0\u00bbMontserrat||||||||\u00a0\u00bb text_text_color=\u00a0\u00bb#000000&Prime; text_font_size=\u00a0\u00bb16px\u00a0\u00bb hover_enabled=\u00a0\u00bb0&Prime; sticky_enabled=\u00a0\u00bb0&Prime; header_3_font=\u00a0\u00bb|700|||||||\u00a0\u00bb header_3_text_color=\u00a0\u00bb#000000&Prime; header_3_line_height=\u00a0\u00bb1.6em\u00a0\u00bb]<\/p>\n<div class=\"page\" title=\"Page 1\">\n<div class=\"layoutArea\">\n<div class=\"column\">\n<h3><b>Identit\u00e9<\/b><\/h3>\n<p>Nom du site : Ma Recette Sant\u00e9<br \/>Adresse du site : https:\/\/marecettesante.com<\/p>\n<p>Propri\u00e9taire : Virginie Plante<br \/>H\u00e9bergeur : PlanetHoster \u2013 4416 Rue Louis-B.-Mayer, Laval, QC H7P 0G1<\/p>\n<h3><span>Le but de cette politique de confidentialite\u0301 <\/span><\/h3>\n<p><span>Le but de cette politique de confidentialite\u0301 est d&rsquo;informer les utilisateurs de notre site des donne\u0301es personnelles que nous recueillerons ainsi que les informations suivantes, le cas e\u0301che\u0301ant : <\/span><\/p>\n<ol>\n<li><span>Les donne\u0301es personnelles que nous recueillerons <\/span><\/li>\n<li><span>L\u2019utilisation des donne\u0301es recueillies <\/span><\/li>\n<li><span>Qui a acce\u0300s aux donne\u0301es recueillies <\/span><\/li>\n<li><span>Les droits des utilisateurs du site <\/span><\/li>\n<li><span>La politique de cookies du site <\/span><\/li>\n<\/ol>\n<p><span>Cette politique de confidentialite\u0301 fonctionne paralle\u0300lement aux conditions ge\u0301ne\u0301rales d\u2019utilisation de notre site. <\/span><\/p>\n<h3><span>Lois applicables <\/span><\/h3>\n<p><span>Cette politique est conforme aux lois e\u0301nonce\u0301es dans la <\/span><span>loi sur la protection des renseignements personnels et les documents e\u0301lectroniques <\/span><span>(LPRPDE). <\/span><\/p>\n<p><span>Pour les re\u0301sidents des pays de l\u2019UE, le <\/span><span>Re\u0300glement ge\u0301ne\u0301ral sur la protection des donne\u0301es <\/span><span>(RGDP) re\u0301git toutes les politiques de protection des donne\u0301es, quel que soit l\u2019endroit ou\u0300 se trouve le site. La pre\u0301sente politique de confidentialite\u0301 vise a\u0300 se conformer au RGDP. S\u2019il y a des incohe\u0301rences entre la pre\u0301sente <\/span>politique et le RGDP, le RGDP s\u2019appliquera.<\/p>\n<\/div>\n<\/div>\n<\/div>\n<div class=\"page\" title=\"Page 2\">\n<div class=\"layoutArea\">\n<div class=\"column\">\n<p><span>Pour les re\u0301sidents de l\u2019E\u0301tat de Californie, cette politique de confidentialite\u0301 vise a\u0300 se conformer a\u0300 la <\/span><span>California Consumer Privacy Act (CCPA)<\/span><span>. S\u2019il y a des incohe\u0301rences entre ce document et la <\/span><span>CCPA<\/span><span>, la le\u0301gislation de l\u2019E\u0301tat s\u2019appliquera. Si nous constatons des incohe\u0301rences, nous modifierons notre politique pour nous conformer a\u0300 la loi pertinente.<\/span><\/p>\n<h3>Responsable de la protection des renseignements personnels<\/h3>\n<p>La responsable de protection de donn\u00e9es est Virginie Plante. Pour nous contacter, \u00e9crivez \u00e0 <span><a href=\"mailto:virginieplante@yahoo.com\">virginieplante@yahoo.com<\/a><\/span><\/p>\n<h3><span>Consentement <\/span><\/h3>\n<p><span>Les utilisateurs conviennent qu\u2019en utilisant notre site, ils consentent a\u0300 : <\/span><\/p>\n<ol>\n<li><span>les conditions e\u0301nonce\u0301es dans la pre\u0301sente politique de confidentialite\u0301 et <\/span><\/li>\n<li><span>la collecte, l\u2019utilisation et la conservation des donne\u0301es e\u0301nume\u0301re\u0301es dans la pre\u0301sente politique. <\/span><\/li>\n<\/ol>\n<h3><span>Donne\u0301es personnelles que nous collectons <\/span><\/h3>\n<p><span><strong>Donne\u0301es collecte\u0301es automatiquement<\/strong> <\/span><\/p>\n<p><span>Lorsque vous visitez et utilisez notre site, nous pouvons automatiquement recueillir et conserver les renseignements suivants : <\/span><\/p>\n<ol>\n<li><span>Adresse IP <\/span><\/li>\n<li><span>Lieu <\/span><\/li>\n<li><span>De\u0301tails mate\u0301riels et logiciels <\/span><\/li>\n<li><span>Liens un utilisateur clique tout en utilisant le site <\/span><\/li>\n<li><span>Contenu que l\u2019utilisateur consulte sur votre site <\/span><\/li>\n<\/ol>\n<p><strong>Donne\u0301es recueillies de fac\u0327on non automatique<br \/><\/strong><span><\/span><\/p>\n<p><span>Nous pouvons e\u0301galement collecter les donne\u0301es suivantes lorsque vous effectuez certaines fonctions sur <\/span>notre site :<\/p>\n<\/div>\n<\/div>\n<\/div>\n<div class=\"page\" title=\"Page 3\">\n<div class=\"layoutArea\">\n<div class=\"column\">\n<ol>\n<li><span>Pre\u0301nom et nom <\/span><\/li>\n<li><span>Email <\/span><\/li>\n<li><span>Nume\u0301ro de te\u0301le\u0301phone <\/span><\/li>\n<li><span>Renseignements donne\u0301s par l&rsquo;e\u0301metteur du message <\/span><\/li>\n<\/ol>\n<p><span>Ces donne\u0301es peuvent e\u0302tre recueillies au moyen des me\u0301thodes suivantes : Nous contacter <\/span><\/p>\n<p><span>Veuillez noter que nous ne collectons que les donne\u0301es qui nous aident a\u0300 atteindre l\u2019objectif e\u0301nonce\u0301 dans cette politique de confidentialite\u0301. Nous ne recueillerons pas de donne\u0301es supple\u0301mentaires sans vous en informer au pre\u0301alable. <\/span><\/p>\n<h3><span>Comment nous utilisons les donne\u0301es personnelles <\/span><\/h3>\n<p><span>Les donne\u0301es personnelles recueillies sur notre site seront utilise\u0301es uniquement aux fins pre\u0301cise\u0301es dans la pre\u0301sente politique ou indique\u0301es sur les pages pertinentes de notre site. Nous n\u2019utiliserons pas vos donne\u0301es au-dela\u0300 de ce que nous divulguerons. <\/span><\/p>\n<p><span>Les donne\u0301es que nous recueillons automatiquement sont utilise\u0301es aux fins suivantes : <br \/>a. Statistiques d&rsquo;utilisation du site <\/span><\/p>\n<p><span>Les donne\u0301es que nous recueillons lorsque l\u2019utilisateur exe\u0301cute certaines fonctions peuvent e\u0302tre utilise\u0301es aux fins suivantes : <\/span><\/p>\n<p><span>a. Communication <\/span><\/p>\n<p><strong>Avec qui nous partageons les donne\u0301es personnelles<\/strong><\/p>\n<\/div>\n<\/div>\n<\/div>\n<div class=\"page\" title=\"Page 4\">\n<div class=\"layoutArea\">\n<div class=\"column\">\n<p><span>Employe\u0301s <\/span><\/p>\n<p><span>Nous pouvons divulguer a\u0300 tout membre de notre organisation les donne\u0301es utilisateur dont il a raisonnablement besoin pour re\u0301aliser les objectifs e\u0301nonce\u0301s dans la pre\u0301sente politique. <\/span><\/p>\n<p><span><strong>Tierces parties<\/strong> <\/span><\/p>\n<p><span>Nous pouvons partager les donne\u0301es utilisateur avec les tiers suivants : <\/span><\/p>\n<p><span>Nous pouvons partager les donne\u0301es utilisateur avec des tiers aux fins suivantes : <\/span><\/p>\n<p><span>Les tiers ne seront pas en mesure d\u2019acce\u0301der aux donne\u0301es des utilisateurs au-dela\u0300 de ce qui est raisonnablement ne\u0301cessaire pour atteindre l\u2019objectif donne\u0301. <\/span><\/p>\n<p><span><strong>Autres divulgations<\/strong> <\/span><\/p>\n<p><span>Nous nous engageons a\u0300 ne pas vendre ou partager vos donne\u0301es avec des tiers, sauf dans les cas suivants : <\/span><\/p>\n<ol>\n<li><span>si la loi l&rsquo;exige <\/span><\/li>\n<li><span>si elle est requise pour toute proce\u0301dure judiciaire <\/span><\/li>\n<li><span>pour prouver ou prote\u0301ger nos droits le\u0301gaux <\/span><\/li>\n<li><span>a\u0300 des acheteurs ou des acheteurs potentiels de cette socie\u0301te\u0301 dans le cas ou\u0300 nous cherchons a\u0300 la vendre la socie\u0301te\u0301 <\/span><\/li>\n<\/ol>\n<p><span>Si vous suivez des hyperliens de notre site vers un autre site, veuillez noter que nous ne sommes pas responsables et n\u2019avons pas de contro\u0302le sur leurs politiques et pratiques de confidentialite\u0301. <\/span><\/p>\n<p><span><strong>Combien de temps nous stockons les donne\u0301es personnelles<\/strong> <\/span><\/p>\n<p><span>Nous ne conservons pas les donne\u0301es des utilisateurs au-dela\u0300 de ce qui est ne\u0301cessaire pour atteindre les fins pour lesquelles elles sont recueillies. <\/span><\/p>\n<p><span><strong>Comment nous prote\u0301geons vos donne\u0301es personnelles<\/strong><\/span><\/p>\n<\/div>\n<\/div>\n<\/div>\n<div class=\"page\" title=\"Page 5\">\n<div class=\"layoutArea\">\n<div class=\"column\">\n<p><span>Toutes les donne\u0301es stocke\u0301es dans notre syste\u0300me sont bien se\u0301curise\u0301es et ne sont accessibles qu\u2019a\u0300 Virginie Plante et Isabelle Langlois, cre\u0301atrice du site web. Nous prote\u0301geons les donne\u0301es par des mots de passe complexes et sont confidentielles. <\/span><\/p>\n<p><span>Alors que nous prenons toutes les pre\u0301cautions raisonnables pour nous assurer que nos donne\u0301es d\u2019utilisateur sont se\u0301curise\u0301es et que les utilisateurs sont prote\u0301ge\u0301s, il reste toujours du risque de pre\u0301judice. L\u2019Internet en sa totalite\u0301 peut e\u0302tre, parfois, peu su\u0302r et donc nous sommes incapables de garantir la se\u0301curite\u0301 des donne\u0301es des utilisateurs au-dela\u0300 de ce qui est raisonnablement pratique. <\/span><\/p>\n<h3><span>Mineurs <\/span><\/h3>\n<p><span>Pour les re\u0301sidents de l\u2019UE, le RGPD pre\u0301cise que les personnes de moins de 15 ans sont conside\u0301re\u0301es comme des mineurs aux fins de la collecte de donne\u0301es. Les mineurs doivent avoir le consentement d\u2019un repre\u0301sentant le\u0301gal pour que leurs donne\u0301es soient recueillies, traite\u0301es et utilise\u0301es. <\/span><\/p>\n<p><span><strong>Vos droits en tant qu\u2019utilisateur<\/strong> <\/span><\/p>\n<p><span>En tant qu\u2019utilisateur, vous avez le droit d\u2019acce\u0301der a\u0300 toutes vos donne\u0301es personnelles que nous avons collecte\u0301es. En outre, vous avez le droit de mettre a\u0300 jour ou de corriger toute donne\u0301e personnelle en notre possession a\u0300 condition qu\u2019elle soit acceptable en vertu de la loi. <\/span><\/p>\n<p><span>Vous pouvez choisir de supprimer ou de modifier votre consentement a\u0300 la collecte et a\u0300 l\u2019utilisation des donne\u0301es en tout temps, pourvu qu\u2019il soit le\u0301galement acceptable de le faire et que vous nous en ayez informe\u0301 dans un de\u0301lai raisonnable. <\/span><\/p>\n<p><span><strong>Comment modifier, supprimer ou contester les donne\u0301es recueillies<\/strong> <\/span><\/p>\n<p><span>Si vous souhaitez que vos renseignements soient supprime\u0301s ou modifie\u0301s d\u2019une fac\u0327on ou d\u2019une autre, veuillez communiquer avec notre agent de protection de la vie prive\u0301e ici : <\/span><\/p>\n<p>Virginie Plante <a href=\"mailto:virginieplante@yahoo.com\">virginieplante@yahoo.com<\/a><\/p>\n<p>&nbsp;<\/p>\n<h3><span>Politique sur les cookies<\/span><\/h3>\n<\/div>\n<\/div>\n<\/div>\n<div class=\"page\" title=\"Page 6\">\n<div class=\"layoutArea\">\n<div class=\"column\">\n<p><span>Un cookie est un petit fichier, stocke\u0301 sur le disque dur d\u2019un utilisateur par le site Web. Son but est de recueillir des donne\u0301es relatives aux habitudes de navigation de l\u2019utilisateur. <\/span><\/p>\n<p><span>Nous utilisons les types de cookies suivants sur notre site : <\/span><\/p>\n<ol>\n<li><span>Cookies fonctionnels<br \/><\/span><span>Nous les utilisons pour me\u0301moriser toutes les se\u0301lections que vous faites sur notre site afin qu\u2019elles soient sauvegarde\u0301es pour vos prochaines visites. <\/span><\/li>\n<li><span>Cookies analytiques<br \/><\/span><span>Cela nous permet d\u2019ame\u0301liorer la conception et la fonctionnalite\u0301 de notre site en recueillant des donne\u0301es sur le contenu auquel vous acce\u0301dez et sur lequel vous vous accrochez en utilisant notre site. <\/span><\/li>\n<li><span>Cookies de ciblage<br \/><\/span><span>Ces cookies collectent des donne\u0301es sur la fac\u0327on dont vous utilisez le site et vos pre\u0301fe\u0301rences. Cela nous permet de rendre les informations que vous voyez sur notre site plus promotionnelles et cible\u0301es pour vous. <\/span><\/li>\n<\/ol>\n<p><span>Vous pouvez choisir d\u2019e\u0302tre averti chaque fois qu\u2019un cookie est transmis. Vous pouvez e\u0301galement choisir de de\u0301sactiver les cookies entie\u0300rement dans votre navigateur Internet, mais cela peut diminuer la qualite\u0301 de votre expe\u0301rience d\u2019utilisation. <\/span><\/p>\n<p><span><strong>Cookies tiers<\/strong> <\/span><\/p>\n<p><span>Nous pouvons utiliser des cookies tiers sur notre site pour atteindre les objectifs suivants :<br \/>1. Surveiller les pre\u0301fe\u0301rences des utilisateurs pour adapter les publicite\u0301s autour de leurs inte\u0301re\u0302ts. <\/span><span>Modifications <\/span><\/p>\n<p><span>Cette politique de confidentialite\u0301 peut e\u0302tre modifie\u0301e a\u0300 l\u2019occasion afin de maintenir la conformite\u0301 avec la loi et de tenir compte de tout changement a\u0300 notre processus de collecte de donne\u0301es. Nous recommandons a\u0300 nos utilisateurs de ve\u0301rifier notre politique de temps a\u0300 autre pour s\u2019assurer qu\u2019ils soient <\/span>informe\u0301s de toute mise a\u0300 jour. Au besoin, nous pouvons informer les utilisateurs par courriel des changements apporte\u0301s a\u0300 cette politique.<\/p>\n<\/div>\n<\/div>\n<\/div>\n<div class=\"page\" title=\"Page 7\">\n<div class=\"layoutArea\">\n<div class=\"column\">\n<h3><span>Contact <\/span><\/h3>\n<p><span>Si vous avez des questions a\u0300 nous poser, n\u2019he\u0301sitez pas a\u0300 communiquer avec nous en utilisant ce qui suit :<br \/><a href=\"mailto:virginieplante@yahoo.com\">virginieplante@yahoo.com<\/a><\/span><\/p>\n<p><span>Date d\u2019entre\u0301e en vigueur : <\/span><span>le 21 novembre 2023 <\/span><\/p>\n<\/div>\n<\/div>\n<\/div>\n<p>[\/et_pb_text][\/et_pb_column][\/et_pb_row][\/et_pb_section]<\/p>\n","protected":false},"excerpt":{"rendered":"<p>Politique de confidentialit\u00e9 Identit\u00e9 Nom du site : Ma Recette Sant\u00e9Adresse du site : https:\/\/marecettesante.com Propri\u00e9taire : Virginie PlanteH\u00e9bergeur : PlanetHoster \u2013 4416 Rue Louis-B.-Mayer, Laval, QC H7P 0G1 Le but de cette politique de confidentialite\u0301 Le but de cette politique de confidentialite\u0301 est d&rsquo;informer les utilisateurs de notre site des donne\u0301es personnelles que nous [&hellip;]<\/p>\n","protected":false},"author":9,"featured_media":0,"parent":0,"menu_order":0,"comment_status":"closed","ping_status":"closed","template":"","meta":{"_et_pb_use_builder":"on","_et_pb_old_content":"<!-- wp:divi\/placeholder \/-->","_et_gb_content_width":"","footnotes":""},"class_list":["post-733","page","type-page","status-publish","hentry"],"yoast_head":"<!-- This site is optimized with the Yoast SEO plugin v26.5 - https:\/\/yoast.com\/wordpress\/plugins\/seo\/ -->\n<title>Politique de confidentialit\u00e9 - Ma Recette Sant\u00e9<\/title>\n<meta name=\"robots\" content=\"index, follow, max-snippet:-1, max-image-preview:large, max-video-preview:-1\" \/>\n<link rel=\"canonical\" href=\"https:\/\/www.marecettesante.com\/blog\/politique-de-confidentialite\/\" \/>\n<meta property=\"og:locale\" content=\"fr_FR\" \/>\n<meta property=\"og:type\" content=\"article\" \/>\n<meta property=\"og:title\" content=\"Politique de confidentialit\u00e9 - Ma Recette Sant\u00e9\" \/>\n<meta property=\"og:description\" content=\"Politique de confidentialit\u00e9 Identit\u00e9 Nom du site : Ma Recette Sant\u00e9Adresse du site : https:\/\/marecettesante.com Propri\u00e9taire : Virginie PlanteH\u00e9bergeur : PlanetHoster \u2013 4416 Rue Louis-B.-Mayer, Laval, QC H7P 0G1 Le but de cette politique de confidentialite\u0301 Le but de cette politique de confidentialite\u0301 est d&#039;informer les utilisateurs de notre site des donne\u0301es personnelles que nous [&hellip;]\" \/>\n<meta property=\"og:url\" content=\"https:\/\/www.marecettesante.com\/blog\/politique-de-confidentialite\/\" \/>\n<meta property=\"og:site_name\" content=\"Ma Recette Sant\u00e9\" \/>\n<meta property=\"article:modified_time\" content=\"2023-11-21T13:17:55+00:00\" \/>\n<script type=\"application\/ld+json\" class=\"yoast-schema-graph\">{\"@context\":\"https:\/\/schema.org\",\"@graph\":[{\"@type\":\"WebPage\",\"@id\":\"https:\/\/www.marecettesante.com\/blog\/politique-de-confidentialite\/\",\"url\":\"https:\/\/www.marecettesante.com\/blog\/politique-de-confidentialite\/\",\"name\":\"Politique de confidentialit\u00e9 - Ma Recette Sant\u00e9\",\"isPartOf\":{\"@id\":\"https:\/\/www.marecettesante.com\/blog\/#website\"},\"datePublished\":\"2023-10-16T20:02:12+00:00\",\"dateModified\":\"2023-11-21T13:17:55+00:00\",\"breadcrumb\":{\"@id\":\"https:\/\/www.marecettesante.com\/blog\/politique-de-confidentialite\/#breadcrumb\"},\"inLanguage\":\"fr-FR\",\"potentialAction\":[{\"@type\":\"ReadAction\",\"target\":[\"https:\/\/www.marecettesante.com\/blog\/politique-de-confidentialite\/\"]}]},{\"@type\":\"BreadcrumbList\",\"@id\":\"https:\/\/www.marecettesante.com\/blog\/politique-de-confidentialite\/#breadcrumb\",\"itemListElement\":[{\"@type\":\"ListItem\",\"position\":1,\"name\":\"Accueil\",\"item\":\"https:\/\/www.marecettesante.com\/blog\/\"},{\"@type\":\"ListItem\",\"position\":2,\"name\":\"Politique de confidentialit\u00e9\"}]},{\"@type\":\"WebSite\",\"@id\":\"https:\/\/www.marecettesante.com\/blog\/#website\",\"url\":\"https:\/\/www.marecettesante.com\/blog\/\",\"name\":\"Ma Recette Sant\u00e9\",\"description\":\"Pour un bien-\u00eatre au quotidien\",\"potentialAction\":[{\"@type\":\"SearchAction\",\"target\":{\"@type\":\"EntryPoint\",\"urlTemplate\":\"https:\/\/www.marecettesante.com\/blog\/?s={search_term_string}\"},\"query-input\":{\"@type\":\"PropertyValueSpecification\",\"valueRequired\":true,\"valueName\":\"search_term_string\"}}],\"inLanguage\":\"fr-FR\"}]}<\/script>\n<!-- \/ Yoast SEO plugin. -->","yoast_head_json":{"title":"Politique de confidentialit\u00e9 - Ma Recette Sant\u00e9","robots":{"index":"index","follow":"follow","max-snippet":"max-snippet:-1","max-image-preview":"max-image-preview:large","max-video-preview":"max-video-preview:-1"},"canonical":"https:\/\/www.marecettesante.com\/blog\/politique-de-confidentialite\/","og_locale":"fr_FR","og_type":"article","og_title":"Politique de confidentialit\u00e9 - Ma Recette Sant\u00e9","og_description":"Politique de confidentialit\u00e9 Identit\u00e9 Nom du site : Ma Recette Sant\u00e9Adresse du site : https:\/\/marecettesante.com Propri\u00e9taire : Virginie PlanteH\u00e9bergeur : PlanetHoster \u2013 4416 Rue Louis-B.-Mayer, Laval, QC H7P 0G1 Le but de cette politique de confidentialite\u0301 Le but de cette politique de confidentialite\u0301 est d'informer les utilisateurs de notre site des donne\u0301es personnelles que nous [&hellip;]","og_url":"https:\/\/www.marecettesante.com\/blog\/politique-de-confidentialite\/","og_site_name":"Ma Recette Sant\u00e9","article_modified_time":"2023-11-21T13:17:55+00:00","schema":{"@context":"https:\/\/schema.org","@graph":[{"@type":"WebPage","@id":"https:\/\/www.marecettesante.com\/blog\/politique-de-confidentialite\/","url":"https:\/\/www.marecettesante.com\/blog\/politique-de-confidentialite\/","name":"Politique de confidentialit\u00e9 - Ma Recette Sant\u00e9","isPartOf":{"@id":"https:\/\/www.marecettesante.com\/blog\/#website"},"datePublished":"2023-10-16T20:02:12+00:00","dateModified":"2023-11-21T13:17:55+00:00","breadcrumb":{"@id":"https:\/\/www.marecettesante.com\/blog\/politique-de-confidentialite\/#breadcrumb"},"inLanguage":"fr-FR","potentialAction":[{"@type":"ReadAction","target":["https:\/\/www.marecettesante.com\/blog\/politique-de-confidentialite\/"]}]},{"@type":"BreadcrumbList","@id":"https:\/\/www.marecettesante.com\/blog\/politique-de-confidentialite\/#breadcrumb","itemListElement":[{"@type":"ListItem","position":1,"name":"Accueil","item":"https:\/\/www.marecettesante.com\/blog\/"},{"@type":"ListItem","position":2,"name":"Politique de confidentialit\u00e9"}]},{"@type":"WebSite","@id":"https:\/\/www.marecettesante.com\/blog\/#website","url":"https:\/\/www.marecettesante.com\/blog\/","name":"Ma Recette Sant\u00e9","description":"Pour un bien-\u00eatre au quotidien","potentialAction":[{"@type":"SearchAction","target":{"@type":"EntryPoint","urlTemplate":"https:\/\/www.marecettesante.com\/blog\/?s={search_term_string}"},"query-input":{"@type":"PropertyValueSpecification","valueRequired":true,"valueName":"search_term_string"}}],"inLanguage":"fr-FR"}]}},"_links":{"self":[{"href":"https:\/\/www.marecettesante.com\/blog\/wp-json\/wp\/v2\/pages\/733","targetHints":{"allow":["GET"]}}],"collection":[{"href":"https:\/\/www.marecettesante.com\/blog\/wp-json\/wp\/v2\/pages"}],"about":[{"href":"https:\/\/www.marecettesante.com\/blog\/wp-json\/wp\/v2\/types\/page"}],"author":[{"embeddable":true,"href":"https:\/\/www.marecettesante.com\/blog\/wp-json\/wp\/v2\/users\/9"}],"replies":[{"embeddable":true,"href":"https:\/\/www.marecettesante.com\/blog\/wp-json\/wp\/v2\/comments?post=733"}],"version-history":[{"count":0,"href":"https:\/\/www.marecettesante.com\/blog\/wp-json\/wp\/v2\/pages\/733\/revisions"}],"wp:attachment":[{"href":"https:\/\/www.marecettesante.com\/blog\/wp-json\/wp\/v2\/media?parent=733"}],"curies":[{"name":"wp","href":"https:\/\/api.w.org\/{rel}","templated":true}]}}