{"id":731,"date":"2023-10-16T15:59:42","date_gmt":"2023-10-16T19:59:42","guid":{"rendered":"https:\/\/www.marecettesante.com\/blog\/?page_id=731"},"modified":"2023-11-21T08:03:42","modified_gmt":"2023-11-21T13:03:42","slug":"zoom-sur","status":"publish","type":"page","link":"https:\/\/www.marecettesante.com\/blog\/zoom-sur\/","title":{"rendered":"Zoom sur"},"content":{"rendered":"<p>[et_pb_section fb_built=\u00a0\u00bb1&Prime; admin_label=\u00a0\u00bbHeader\u00a0\u00bb _builder_version=\u00a0\u00bb4.23&Prime; background_color=\u00a0\u00bb#ffffff\u00a0\u00bb use_background_color_gradient=\u00a0\u00bbon\u00a0\u00bb background_color_gradient_stops=\u00a0\u00bbrgba(255,255,255,0) 0%|#ffffff 100%\u00a0\u00bb background_color_gradient_overlays_image=\u00a0\u00bbon\u00a0\u00bb background_image=\u00a0\u00bbhttps:\/\/www.marecettesante.com\/blog\/wp-content\/uploads\/2023\/11\/A-propos-de-Ma-Recette-sante-1.png\u00a0\u00bb parallax=\u00a0\u00bbon\u00a0\u00bb custom_margin=\u00a0\u00bb||||false\u00a0\u00bb custom_padding=\u00a0\u00bb10vw||10vw||true|false\u00a0\u00bb global_colors_info=\u00a0\u00bb{}\u00a0\u00bb][et_pb_row _builder_version=\u00a0\u00bb4.16&Prime; background_size=\u00a0\u00bbcontain\u00a0\u00bb animation_style=\u00a0\u00bbzoom\u00a0\u00bb animation_intensity_zoom=\u00a0\u00bb10%\u00a0\u00bb global_colors_info=\u00a0\u00bb{}\u00a0\u00bb][et_pb_column type=\u00a0\u00bb4_4&Prime; _builder_version=\u00a0\u00bb4.16&Prime; custom_padding=\u00a0\u00bb|||\u00a0\u00bb global_colors_info=\u00a0\u00bb{}\u00a0\u00bb custom_padding__hover=\u00a0\u00bb|||\u00a0\u00bb][et_pb_text _builder_version=\u00a0\u00bb4.23&Prime; text_font=\u00a0\u00bb||||||||\u00a0\u00bb ul_font=\u00a0\u00bb||||||||\u00a0\u00bb ol_font=\u00a0\u00bb||||||||\u00a0\u00bb header_font=\u00a0\u00bbMontserrat|500||on|||||\u00a0\u00bb header_font_size=\u00a0\u00bb18px\u00a0\u00bb header_letter_spacing=\u00a0\u00bb5px\u00a0\u00bb header_line_height=\u00a0\u00bb1.5em\u00a0\u00bb header_2_font=\u00a0\u00bbMontserrat|700|||||||\u00a0\u00bb header_2_font_size=\u00a0\u00bb60px\u00a0\u00bb header_2_line_height=\u00a0\u00bb1.4em\u00a0\u00bb header_3_font=\u00a0\u00bb||||||||\u00a0\u00bb header_4_font=\u00a0\u00bb||||||||\u00a0\u00bb header_5_font=\u00a0\u00bb||||||||\u00a0\u00bb header_6_font=\u00a0\u00bb||||||||\u00a0\u00bb text_orientation=\u00a0\u00bbcenter\u00a0\u00bb hover_enabled=\u00a0\u00bb0&Prime; header_font_size_tablet=\u00a0\u00bb\u00a0\u00bb header_font_size_phone=\u00a0\u00bb12px\u00a0\u00bb header_font_size_last_edited=\u00a0\u00bbon|desktop\u00a0\u00bb header_2_font_size_tablet=\u00a0\u00bb50px\u00a0\u00bb header_2_font_size_phone=\u00a0\u00bb30px\u00a0\u00bb header_2_font_size_last_edited=\u00a0\u00bbon|desktop\u00a0\u00bb global_colors_info=\u00a0\u00bb{}\u00a0\u00bb sticky_enabled=\u00a0\u00bb0&Prime;]<\/p>\n<h2>Blog Sant\u00e9<\/h2>\n<h1>RECETTES ET CONSEILS SANT\u00c9<\/h1>\n<p>[\/et_pb_text][\/et_pb_column][\/et_pb_row][\/et_pb_section][et_pb_section fb_built=\u00a0\u00bb1&Prime; next_background_color=\u00a0\u00bb#004044&Prime; _builder_version=\u00a0\u00bb4.23&Prime; background_enable_color=\u00a0\u00bboff\u00a0\u00bb background_size=\u00a0\u00bbinitial\u00a0\u00bb background_position=\u00a0\u00bbbottom_center\u00a0\u00bb custom_padding=\u00a0\u00bb2vw|0|2vw|0px|true|false\u00a0\u00bb top_divider_height=\u00a0\u00bb6vw\u00a0\u00bb top_divider_flip=\u00a0\u00bbvertical\u00a0\u00bb bottom_divider_style=\u00a0\u00bbwave\u00a0\u00bb bottom_divider_height=\u00a0\u00bb10vw\u00a0\u00bb bottom_divider_flip=\u00a0\u00bbhorizontal\u00a0\u00bb global_colors_info=\u00a0\u00bb{}\u00a0\u00bb][et_pb_row _builder_version=\u00a0\u00bb4.16&Prime; global_colors_info=\u00a0\u00bb{}\u00a0\u00bb][et_pb_column type=\u00a0\u00bb4_4&Prime; _builder_version=\u00a0\u00bb4.16&Prime; custom_padding=\u00a0\u00bb|||\u00a0\u00bb global_colors_info=\u00a0\u00bb{}\u00a0\u00bb custom_padding__hover=\u00a0\u00bb|||\u00a0\u00bb][et_pb_blog fullwidth=\u00a0\u00bboff\u00a0\u00bb posts_number=\u00a0\u00bb12&Prime; _builder_version=\u00a0\u00bb4.23&Prime; header_level=\u00a0\u00bbh4&Prime; header_font=\u00a0\u00bbMerriweather|700|||||||\u00a0\u00bb header_line_height=\u00a0\u00bb1.8em\u00a0\u00bb body_font_size=\u00a0\u00bb13px\u00a0\u00bb body_line_height=\u00a0\u00bb2em\u00a0\u00bb meta_font=\u00a0\u00bb|600|||||||\u00a0\u00bb meta_text_color=\u00a0\u00bb#29c4a9&Prime; pagination_font=\u00a0\u00bbMerriweather|700|||||||\u00a0\u00bb pagination_text_color=\u00a0\u00bb#34545a\u00a0\u00bb custom_margin=\u00a0\u00bb||126px|||\u00a0\u00bb border_radii=\u00a0\u00bbon|10px|10px|10px|10px\u00a0\u00bb border_width_all=\u00a0\u00bb0px\u00a0\u00bb box_shadow_style=\u00a0\u00bbpreset1&Prime; box_shadow_vertical=\u00a0\u00bb10px\u00a0\u00bb box_shadow_blur=\u00a0\u00bb60px\u00a0\u00bb box_shadow_color=\u00a0\u00bbrgba(1,33,92,0.1)\u00a0\u00bb global_colors_info=\u00a0\u00bb{}\u00a0\u00bb][\/et_pb_blog][\/et_pb_column][\/et_pb_row][\/et_pb_section]<\/p>\n","protected":false},"excerpt":{"rendered":"<p>Blog Sant\u00e9 RECETTES ET CONSEILS SANT\u00c9<\/p>\n","protected":false},"author":9,"featured_media":0,"parent":0,"menu_order":0,"comment_status":"closed","ping_status":"closed","template":"","meta":{"_et_pb_use_builder":"on","_et_pb_old_content":"","_et_gb_content_width":"","footnotes":""},"class_list":["post-731","page","type-page","status-publish","hentry"],"yoast_head":"<!-- This site is optimized with the Yoast SEO plugin v26.5 - https:\/\/yoast.com\/wordpress\/plugins\/seo\/ -->\n<title>Zoom sur - Ma Recette Sant\u00e9<\/title>\n<meta name=\"robots\" content=\"index, follow, max-snippet:-1, max-image-preview:large, max-video-preview:-1\" \/>\n<link rel=\"canonical\" href=\"https:\/\/www.marecettesante.com\/blog\/zoom-sur\/\" \/>\n<meta property=\"og:locale\" content=\"fr_FR\" \/>\n<meta property=\"og:type\" content=\"article\" \/>\n<meta property=\"og:title\" content=\"Zoom sur - Ma Recette Sant\u00e9\" \/>\n<meta property=\"og:description\" content=\"Blog Sant\u00e9 RECETTES ET CONSEILS SANT\u00c9\" \/>\n<meta property=\"og:url\" content=\"https:\/\/www.marecettesante.com\/blog\/zoom-sur\/\" \/>\n<meta property=\"og:site_name\" content=\"Ma Recette Sant\u00e9\" \/>\n<meta property=\"article:modified_time\" content=\"2023-11-21T13:03:42+00:00\" \/>\n<script type=\"application\/ld+json\" class=\"yoast-schema-graph\">{\"@context\":\"https:\/\/schema.org\",\"@graph\":[{\"@type\":\"WebPage\",\"@id\":\"https:\/\/www.marecettesante.com\/blog\/zoom-sur\/\",\"url\":\"https:\/\/www.marecettesante.com\/blog\/zoom-sur\/\",\"name\":\"Zoom sur - Ma Recette Sant\u00e9\",\"isPartOf\":{\"@id\":\"https:\/\/www.marecettesante.com\/blog\/#website\"},\"datePublished\":\"2023-10-16T19:59:42+00:00\",\"dateModified\":\"2023-11-21T13:03:42+00:00\",\"breadcrumb\":{\"@id\":\"https:\/\/www.marecettesante.com\/blog\/zoom-sur\/#breadcrumb\"},\"inLanguage\":\"fr-FR\",\"potentialAction\":[{\"@type\":\"ReadAction\",\"target\":[\"https:\/\/www.marecettesante.com\/blog\/zoom-sur\/\"]}]},{\"@type\":\"BreadcrumbList\",\"@id\":\"https:\/\/www.marecettesante.com\/blog\/zoom-sur\/#breadcrumb\",\"itemListElement\":[{\"@type\":\"ListItem\",\"position\":1,\"name\":\"Accueil\",\"item\":\"https:\/\/www.marecettesante.com\/blog\/\"},{\"@type\":\"ListItem\",\"position\":2,\"name\":\"Zoom sur\"}]},{\"@type\":\"WebSite\",\"@id\":\"https:\/\/www.marecettesante.com\/blog\/#website\",\"url\":\"https:\/\/www.marecettesante.com\/blog\/\",\"name\":\"Ma Recette Sant\u00e9\",\"description\":\"Pour un bien-\u00eatre au quotidien\",\"potentialAction\":[{\"@type\":\"SearchAction\",\"target\":{\"@type\":\"EntryPoint\",\"urlTemplate\":\"https:\/\/www.marecettesante.com\/blog\/?s={search_term_string}\"},\"query-input\":{\"@type\":\"PropertyValueSpecification\",\"valueRequired\":true,\"valueName\":\"search_term_string\"}}],\"inLanguage\":\"fr-FR\"}]}<\/script>\n<!-- \/ Yoast SEO plugin. -->","yoast_head_json":{"title":"Zoom sur - Ma Recette Sant\u00e9","robots":{"index":"index","follow":"follow","max-snippet":"max-snippet:-1","max-image-preview":"max-image-preview:large","max-video-preview":"max-video-preview:-1"},"canonical":"https:\/\/www.marecettesante.com\/blog\/zoom-sur\/","og_locale":"fr_FR","og_type":"article","og_title":"Zoom sur - Ma Recette Sant\u00e9","og_description":"Blog Sant\u00e9 RECETTES ET CONSEILS SANT\u00c9","og_url":"https:\/\/www.marecettesante.com\/blog\/zoom-sur\/","og_site_name":"Ma Recette Sant\u00e9","article_modified_time":"2023-11-21T13:03:42+00:00","schema":{"@context":"https:\/\/schema.org","@graph":[{"@type":"WebPage","@id":"https:\/\/www.marecettesante.com\/blog\/zoom-sur\/","url":"https:\/\/www.marecettesante.com\/blog\/zoom-sur\/","name":"Zoom sur - Ma Recette Sant\u00e9","isPartOf":{"@id":"https:\/\/www.marecettesante.com\/blog\/#website"},"datePublished":"2023-10-16T19:59:42+00:00","dateModified":"2023-11-21T13:03:42+00:00","breadcrumb":{"@id":"https:\/\/www.marecettesante.com\/blog\/zoom-sur\/#breadcrumb"},"inLanguage":"fr-FR","potentialAction":[{"@type":"ReadAction","target":["https:\/\/www.marecettesante.com\/blog\/zoom-sur\/"]}]},{"@type":"BreadcrumbList","@id":"https:\/\/www.marecettesante.com\/blog\/zoom-sur\/#breadcrumb","itemListElement":[{"@type":"ListItem","position":1,"name":"Accueil","item":"https:\/\/www.marecettesante.com\/blog\/"},{"@type":"ListItem","position":2,"name":"Zoom sur"}]},{"@type":"WebSite","@id":"https:\/\/www.marecettesante.com\/blog\/#website","url":"https:\/\/www.marecettesante.com\/blog\/","name":"Ma Recette Sant\u00e9","description":"Pour un bien-\u00eatre au quotidien","potentialAction":[{"@type":"SearchAction","target":{"@type":"EntryPoint","urlTemplate":"https:\/\/www.marecettesante.com\/blog\/?s={search_term_string}"},"query-input":{"@type":"PropertyValueSpecification","valueRequired":true,"valueName":"search_term_string"}}],"inLanguage":"fr-FR"}]}},"_links":{"self":[{"href":"https:\/\/www.marecettesante.com\/blog\/wp-json\/wp\/v2\/pages\/731","targetHints":{"allow":["GET"]}}],"collection":[{"href":"https:\/\/www.marecettesante.com\/blog\/wp-json\/wp\/v2\/pages"}],"about":[{"href":"https:\/\/www.marecettesante.com\/blog\/wp-json\/wp\/v2\/types\/page"}],"author":[{"embeddable":true,"href":"https:\/\/www.marecettesante.com\/blog\/wp-json\/wp\/v2\/users\/9"}],"replies":[{"embeddable":true,"href":"https:\/\/www.marecettesante.com\/blog\/wp-json\/wp\/v2\/comments?post=731"}],"version-history":[{"count":0,"href":"https:\/\/www.marecettesante.com\/blog\/wp-json\/wp\/v2\/pages\/731\/revisions"}],"wp:attachment":[{"href":"https:\/\/www.marecettesante.com\/blog\/wp-json\/wp\/v2\/media?parent=731"}],"curies":[{"name":"wp","href":"https:\/\/api.w.org\/{rel}","templated":true}]}}